{"id":902,"date":"2020-03-18T16:36:34","date_gmt":"2020-03-18T19:36:34","guid":{"rendered":"https:\/\/iesmc-tuc.infd.edu.ar\/sitio\/?page_id=902"},"modified":"2020-03-18T17:45:48","modified_gmt":"2020-03-18T20:45:48","slug":"ensenanza-virtual-por-carrera","status":"publish","type":"page","link":"https:\/\/iesmc-tuc.infd.edu.ar\/sitio\/ensenanza-virtual-por-carrera\/","title":{"rendered":"ENSE\u00d1ANZA VIRTUAL POR CARRERA"},"content":{"rendered":"<p>A trav\u00e9s de esta secci\u00f3n el estudiante podr\u00e1 acceder al material de la asignatura a cursar en el a\u00f1o 2.020<\/p>\n","protected":false},"excerpt":{"rendered":"<p>A trav\u00e9s de esta secci\u00f3n el estudiante podr\u00e1 acceder al material de la asignatura a cursar en el a\u00f1o 2.020<\/p>\n","protected":false},"author":25,"featured_media":0,"parent":0,"menu_order":0,"comment_status":"closed","ping_status":"closed","template":"","meta":[],"acf":[],"_links":{"self":[{"href":"https:\/\/iesmc-tuc.infd.edu.ar\/sitio\/wp-json\/wp\/v2\/pages\/902"}],"collection":[{"href":"https:\/\/iesmc-tuc.infd.edu.ar\/sitio\/wp-json\/wp\/v2\/pages"}],"about":[{"href":"https:\/\/iesmc-tuc.infd.edu.ar\/sitio\/wp-json\/wp\/v2\/types\/page"}],"author":[{"embeddable":true,"href":"https:\/\/iesmc-tuc.infd.edu.ar\/sitio\/wp-json\/wp\/v2\/users\/25"}],"replies":[{"embeddable":true,"href":"https:\/\/iesmc-tuc.infd.edu.ar\/sitio\/wp-json\/wp\/v2\/comments?post=902"}],"version-history":[{"count":1,"href":"https:\/\/iesmc-tuc.infd.edu.ar\/sitio\/wp-json\/wp\/v2\/pages\/902\/revisions"}],"predecessor-version":[{"id":903,"href":"https:\/\/iesmc-tuc.infd.edu.ar\/sitio\/wp-json\/wp\/v2\/pages\/902\/revisions\/903"}],"wp:attachment":[{"href":"https:\/\/iesmc-tuc.infd.edu.ar\/sitio\/wp-json\/wp\/v2\/media?parent=902"}],"curies":[{"name":"wp","href":"https:\/\/api.w.org\/{rel}","templated":true}]}}