{"id":874,"date":"2018-08-31T18:33:16","date_gmt":"2018-08-31T21:33:16","guid":{"rendered":"https:\/\/iesmc-tuc.infd.edu.ar\/sitio\/historia\/"},"modified":"2025-12-02T21:17:17","modified_gmt":"2025-12-03T00:17:17","slug":"historia","status":"publish","type":"page","link":"https:\/\/iesmc-tuc.infd.edu.ar\/sitio\/historia\/","title":{"rendered":"Historia"},"content":{"rendered":"\n<h2 class=\"wp-block-heading\"><span style=\"color: #0000ff;\">HISTORIA<\/span><\/h2>\n\n\n\n<p class=\"has-text-align-center\">&nbsp;<\/p>\n\n\n\n<p>El <strong>Instituto Dr. Miguel Campero<\/strong> nace como una escuela formadora de maestros, creado por Resoluci\u00f3n N\u00ba 988 de la Secretar\u00eda de Educaci\u00f3n de la Provincia de Tucum\u00e1n del 22\/08\/89 para funcionar como \u201cEscuela Superior de Magisterio\u201d Anexo I, en el que se imparte la carrera de Profesorado de Ense\u00f1anza Primaria.<\/p>\n\n\n\n<p>El Instituto surge como consecuencia de la demanda excesiva de matr\u00edcula e insuficiente infraestructura edilicia en la <em>Escuela Superior de Magisterio<\/em> (Casa central) en la carrera de <em>Profesorado de Ense\u00f1anza Primaria<\/em>.<\/p>\n\n\n\n<p>Inicia sus actividades acad\u00e9micas el 4 de octubre de 1989, en el local de Av. Roca y La Rioja de la ciudad de San Miguel de Tucum\u00e1n con dos secciones de 1\u00ba a\u00f1o y una matr\u00edcula de 77 alumnos.<\/p>\n\n\n\n<p>En el a\u00f1o 1990, se amplia la oferta educativa y por resoluci\u00f3n N\u00aa 548 (SE) del 15\/5\/90 se crea la carrera de <strong>Fonoaudiolog\u00eda<\/strong>, con un plan de estudios avalado por el <em>Ministerio de Bienestar Social de la Naci\u00f3n<\/em>.<\/p>\n\n\n\n<p>El t\u00edtulo de Fonoaudi\u00f3logo, cuyo ejercicio profesional esta regulado bajo la ley 5947\/88, habilita al egresado para realizar tratamientos de rehabilitaci\u00f3n de patolog\u00edas de la voz, el habla y el lenguaje, en ni\u00f1os, adolescentes y adultos.<\/p>\n\n\n\n<p>A partir del per\u00edodo lectivo 1991, por Resoluci\u00f3n N\u00ba 74 del 21\/01\/91 y Resoluci\u00f3n N\u00ba 934 se dispone que la Escuela Superior de Magisterio a denominarse Instituto de Ense\u00f1anza Superior Prof. Manuel Marchetti, en homenaje a quien fuera el primer director de la Instituci\u00f3n.<\/p>\n\n\n\n<p>En el a\u00f1o lectivo 1994 el Instituto de Ense\u00f1anza Superior Prof. Manuel Marchetti Anexo I se incorpora al PTFD, Programa de Transformaci\u00f3n de la Formaci\u00f3n Docente elaborado por el Ministerio de Cultura y Educaci\u00f3n de la Naci\u00f3n , acorde con la pol\u00edtica educativa de la Naci\u00f3n y propuesta a las provincias.<\/p>\n\n\n\n<p>En el a\u00f1o 1996 y por resoluci\u00f3n N\u00aa 441 (SE) se crea la carrera de Profesorado de Nivel Inicial.<\/p>\n\n\n\n<p>En el per\u00edodo lectivo 1998 pasa a denominarse \u00abInstituto de Formaci\u00f3n Docente Continua Prof. Manuel Marchetti Anexo I\u00bb. Ajust\u00e1ndose a los lineamientos educativos adoptados por las jurisdicciones, sobre la base de la Propuesta Nacional , implementa el Programa 1998 para los Profesorados de 1\u00aa y 2\u00aa Ciclo de EGB y Profesorado de Educaci\u00f3n Inicial.<\/p>\n\n\n\n<p>En el a\u00f1o 2003 el \u201cInstituto de Formaci\u00f3n Docente Continua Prof. Manuel Marchetti Anexo I\u00bb solicita la autonom\u00eda de casa Central y el 15\/07\/2004 por Ley N\u00b0 7405 de la Honorable Legislatura de Tucum\u00e1n pasa a crearse el \u00ab<em><strong>Instituto de Ense\u00f1anza Superior No Universitaria Dr. Miguel Campero<\/strong><\/em>\u00ab<\/p>\n","protected":false},"excerpt":{"rendered":"<p>HISTORIA &nbsp; El Instituto Dr. Miguel Campero nace como una escuela formadora de maestros, creado por Resoluci\u00f3n N\u00ba 988 de la Secretar\u00eda de Educaci\u00f3n de la Provincia de Tucum\u00e1n del 22\/08\/89 para funcionar como \u201cEscuela Superior de Magisterio\u201d Anexo I, en el que se imparte la carrera de Profesorado de Ense\u00f1anza Primaria. El Instituto surge &#8230; <a title=\"Historia\" class=\"read-more\" href=\"https:\/\/iesmc-tuc.infd.edu.ar\/sitio\/historia\/\" aria-label=\"More on Historia\">[+]<\/a><\/p>\n","protected":false},"author":25,"featured_media":0,"parent":0,"menu_order":0,"comment_status":"closed","ping_status":"closed","template":"","meta":[],"acf":[],"_links":{"self":[{"href":"https:\/\/iesmc-tuc.infd.edu.ar\/sitio\/wp-json\/wp\/v2\/pages\/874"}],"collection":[{"href":"https:\/\/iesmc-tuc.infd.edu.ar\/sitio\/wp-json\/wp\/v2\/pages"}],"about":[{"href":"https:\/\/iesmc-tuc.infd.edu.ar\/sitio\/wp-json\/wp\/v2\/types\/page"}],"author":[{"embeddable":true,"href":"https:\/\/iesmc-tuc.infd.edu.ar\/sitio\/wp-json\/wp\/v2\/users\/25"}],"replies":[{"embeddable":true,"href":"https:\/\/iesmc-tuc.infd.edu.ar\/sitio\/wp-json\/wp\/v2\/comments?post=874"}],"version-history":[{"count":1,"href":"https:\/\/iesmc-tuc.infd.edu.ar\/sitio\/wp-json\/wp\/v2\/pages\/874\/revisions"}],"predecessor-version":[{"id":4170,"href":"https:\/\/iesmc-tuc.infd.edu.ar\/sitio\/wp-json\/wp\/v2\/pages\/874\/revisions\/4170"}],"wp:attachment":[{"href":"https:\/\/iesmc-tuc.infd.edu.ar\/sitio\/wp-json\/wp\/v2\/media?parent=874"}],"curies":[{"name":"wp","href":"https:\/\/api.w.org\/{rel}","templated":true}]}}