{"id":863,"date":"2018-08-31T18:33:12","date_gmt":"2018-08-31T21:33:12","guid":{"rendered":"https:\/\/iesmc-tuc.infd.edu.ar\/sitio\/datos-institucionales\/"},"modified":"2025-12-02T21:06:32","modified_gmt":"2025-12-03T00:06:32","slug":"datos-institucionales","status":"publish","type":"page","link":"https:\/\/iesmc-tuc.infd.edu.ar\/sitio\/datos-institucionales\/","title":{"rendered":"Datos institucionales"},"content":{"rendered":"<blockquote>\n<p style=\"text-align: center;\"><strong>INSTITUTO DE ENSE\u00d1ANZA SUPERIOR<\/strong><\/p>\n<p style=\"text-align: center;\"><strong>\u00abDR. MIGUEL CAMPERO\u00bb<\/strong><\/p>\n<ul>\n<li>\n<h5>El Instituto de Ense\u00f1anza Superior Dr. Miguel Campero se encuentra ubicado dentro de las cuatro avenidas de la capital tucumana y comparte el edificio con la Escuela \u00abPresidente Nicolas Avellaneda\u00bb sito en calle La Rioja y Av. Roca en la ciudad de San Miguel de Tucum\u00e1n<\/h5>\n<\/li>\n<\/ul>\n<ul>\n<li>\n<p align=\"justify\">El <strong>Instituto Dr. Miguel Campero<\/strong> nace como escuela formadora de maestros , creado por Res. N\u00aa 988 (SE) del 22\/08\/89 para funcionar como \u201cEscuela Superior de Magisterio\u201d Anexo I. Inicia sus actividades academicas el 4 de octubre de 1989, en el local de la calle Av. Roca y la Rioja. Donde se cursa la carrera de Profesorado de Ense\u00f1anza Primaria.<\/p>\n<\/li>\n<li>El horario es de 18:30 a 23:00 de Lunes a Viernes, en las actividades frente a alumnos, extendiendose en las pr\u00e1cticas seg\u00fan es espacio curricular en contraturno a partir de las 8 hs hasta las 12 hs en turno ma\u00f1ana o a partir de las 14 hs hasta las 18 hs en turno tarde.<\/li>\n<li>e-mail de consulta: drmiguelcampero@gmail.com<\/li>\n<li><\/li>\n<\/ul>\n<p><span style=\"font-size: x-small; font-family: book antiqua,palatino;\">\u00a0 \u00a0 \u00a0\u00a0<\/span><\/p>\n<p><span style=\"font-size: x-small; font-family: book antiqua,palatino;\">\u00a0<\/span><\/p>\n<blockquote>\n<p style=\"text-align: center;\">\n<\/blockquote>\n<\/blockquote>\n","protected":false},"excerpt":{"rendered":"<p>INSTITUTO DE ENSE\u00d1ANZA SUPERIOR \u00abDR. MIGUEL CAMPERO\u00bb El Instituto de Ense\u00f1anza Superior Dr. Miguel Campero se encuentra ubicado dentro de las cuatro avenidas de la capital tucumana y comparte el edificio con la Escuela \u00abPresidente Nicolas Avellaneda\u00bb sito en calle La Rioja y Av. Roca en la ciudad de San Miguel de Tucum\u00e1n El Instituto &#8230; <a title=\"Datos institucionales\" class=\"read-more\" href=\"https:\/\/iesmc-tuc.infd.edu.ar\/sitio\/datos-institucionales\/\" aria-label=\"More on Datos institucionales\">[+]<\/a><\/p>\n","protected":false},"author":25,"featured_media":0,"parent":0,"menu_order":0,"comment_status":"closed","ping_status":"closed","template":"","meta":[],"acf":[],"_links":{"self":[{"href":"https:\/\/iesmc-tuc.infd.edu.ar\/sitio\/wp-json\/wp\/v2\/pages\/863"}],"collection":[{"href":"https:\/\/iesmc-tuc.infd.edu.ar\/sitio\/wp-json\/wp\/v2\/pages"}],"about":[{"href":"https:\/\/iesmc-tuc.infd.edu.ar\/sitio\/wp-json\/wp\/v2\/types\/page"}],"author":[{"embeddable":true,"href":"https:\/\/iesmc-tuc.infd.edu.ar\/sitio\/wp-json\/wp\/v2\/users\/25"}],"replies":[{"embeddable":true,"href":"https:\/\/iesmc-tuc.infd.edu.ar\/sitio\/wp-json\/wp\/v2\/comments?post=863"}],"version-history":[{"count":3,"href":"https:\/\/iesmc-tuc.infd.edu.ar\/sitio\/wp-json\/wp\/v2\/pages\/863\/revisions"}],"predecessor-version":[{"id":4167,"href":"https:\/\/iesmc-tuc.infd.edu.ar\/sitio\/wp-json\/wp\/v2\/pages\/863\/revisions\/4167"}],"wp:attachment":[{"href":"https:\/\/iesmc-tuc.infd.edu.ar\/sitio\/wp-json\/wp\/v2\/media?parent=863"}],"curies":[{"name":"wp","href":"https:\/\/api.w.org\/{rel}","templated":true}]}}