{"id":840,"date":"2018-08-31T18:33:07","date_gmt":"2018-08-31T21:33:07","guid":{"rendered":"https:\/\/iesmc-tuc.infd.edu.ar\/sitio\/profesorado-en-educacion-inicial-2\/"},"modified":"2024-04-09T21:11:54","modified_gmt":"2024-04-10T00:11:54","slug":"profesorado-en-educacion-inicial-2","status":"publish","type":"page","link":"https:\/\/iesmc-tuc.infd.edu.ar\/sitio\/profesorado-en-educacion-inicial-2\/","title":{"rendered":"PROFESORADO EN EDUCACION INICIAL"},"content":{"rendered":"<p style=\"text-align: center;\">\n<p><span style=\"font-size: 12pt;\">\u00a0<a href=\"https:\/\/iesmc-tuc.infd.edu.ar\/sitio\/wp-content\/uploads\/2024\/04\/Res._1433-_Profesorado_de_Educacion_Inicial.pdf\" target=\"_blank\" rel=\"noopener\">https:\/\/iesmc-tuc.infd.edu.ar\/sitio\/wp-content\/uploads\/2024\/04\/Res._1433-_Profesorado_de_Educacion_Inicial.pdf<\/a><\/span><\/p>\n<p style=\"text-align: center;\"><span style=\"font-size: 12pt; font-family: Arial;\"><strong><span style=\"text-decoration: underline;\"><span style=\"color: #ff0000;\"><span style=\"color: #ff0000;\"><span style=\"color: #ff0000;\"><span style=\"font-size: 14pt;\"><span style=\"font-size: 12pt;\">\u00a0 <\/span>ES<\/span><\/span><span style=\"font-size: 14pt;\">T<\/span><\/span><span style=\"font-size: 14pt;\">RUCTURA CURRICULAR DEL PROFESORADO DE EDUCACI\u00d3N INICIAL <\/span><\/span><\/span><\/strong><\/span><\/p>\n<p><span style=\"background-color: #888888;\">\u00a0<\/span><\/p>\n<table style=\"width: 100%;\" border=\"2\" cellspacing=\"0\">\n<tbody>\n<tr valign=\"top\">\n<td colspan=\"6\" height=\"27\">\n<span style=\"font-size: 12pt; font-family: Arial;\"><strong>PRIMER A\u00d1O (1024 HC)<\/strong><\/span><\/td>\n<\/tr>\n<tr valign=\"top\">\n<td rowspan=\"2\" height=\"15\"><span style=\"font-size: 12pt; font-family: Arial;\"><strong>CAMPO<\/strong><\/span><\/td>\n<td rowspan=\"2\"><span style=\"font-size: 12pt; font-family: Arial;\"><strong>UNIDADES CURRICULARES<\/strong><\/span><\/td>\n<td rowspan=\"2\"><span style=\"font-size: 12pt; font-family: Arial;\"><strong>Tipo de unidad <\/strong><\/span><\/td>\n<td colspan=\"2\"><span style=\"font-size: 12pt; font-family: Arial;\"><strong>R\u00e9gimen<\/strong><\/span><\/td>\n<td rowspan=\"2\"><span style=\"font-size: 12pt; font-family: Arial;\"><strong>Horas<\/strong><\/span><\/td>\n<\/tr>\n<tr valign=\"top\">\n<td height=\"11\"><span style=\"font-size: 12pt; font-family: Arial;\"><strong>1\u00b0 Cuatrim<\/strong><\/span><\/td>\n<td><span style=\"font-size: 12pt; font-family: Arial;\"><strong>2\u00b0 Cuatrim<\/strong><\/span><\/td>\n<\/tr>\n<tr valign=\"top\">\n<td rowspan=\"4\" bgcolor=\"#c6d9f1\" height=\"27\"><span style=\"font-size: 12pt; font-family: Arial;\"><strong>Formaci\u00f3n General<\/strong><\/span><\/p>\n<p><span style=\"font-size: 12pt; font-family: Arial;\"><strong>(416 HC)<\/strong><\/span><\/td>\n<td><span style=\"font-size: 12pt; font-family: Arial;\">Pedagog\u00eda<\/span><\/td>\n<td><span style=\"font-size: 12pt; font-family: Arial;\">Materia<\/span><\/td>\n<td bgcolor=\"#548dd4\"><\/td>\n<td><\/td>\n<td><span style=\"font-size: 12pt; font-family: Arial;\">96<\/span><\/td>\n<\/tr>\n<tr valign=\"top\">\n<td height=\"27\"><span style=\"font-size: 12pt; font-family: Arial;\">Psicolog\u00eda Educacional<\/span><\/td>\n<td><span style=\"font-size: 12pt; font-family: Arial;\">Materia<\/span><\/td>\n<td><\/td>\n<td bgcolor=\"#548dd4\"><\/td>\n<td><span style=\"font-size: 12pt; font-family: Arial;\">96<\/span><\/td>\n<\/tr>\n<tr valign=\"top\">\n<td height=\"27\"><span style=\"font-size: 12pt; font-family: Arial;\">Did\u00e1ctica General<\/span><\/td>\n<td><span style=\"font-size: 12pt; font-family: Arial;\">Materia<\/span><\/td>\n<td bgcolor=\"#548dd4\"><\/td>\n<td bgcolor=\"#548dd4\"><\/td>\n<td><span style=\"font-size: 12pt; font-family: Arial;\">128<\/span><\/td>\n<\/tr>\n<tr valign=\"top\">\n<td height=\"27\">\n<span style=\"font-size: 12pt; font-family: Arial;\">Alfabetizaci\u00f3n\u00a0 Acad\u00e9mica<\/span><\/td>\n<td>\n<span style=\"font-size: 12pt; font-family: Arial;\">Seminario Taller<\/span><\/td>\n<td bgcolor=\"#548dd4\"><\/td>\n<td bgcolor=\"#548dd4\"><\/td>\n<td><span style=\"font-size: 12pt; font-family: Arial;\">96<\/span><\/td>\n<\/tr>\n<tr valign=\"top\">\n<td bgcolor=\"#e5b8b7\" height=\"68\"><span style=\"font-size: 12pt; font-family: Arial;\"><strong>Formaci\u00f3n en la Pr\u00e1ctica Profesional<\/strong><\/span><\/p>\n<p><span style=\"font-size: 12pt; font-family: Arial;\"><strong>(96 HC)<\/strong><\/span><\/td>\n<td><span style=\"font-size: 12pt; font-family: Arial;\">Pr\u00e1ctica I: La Instituci\u00f3n Educativa: aproximaciones desde la investigaci\u00f3n educativa<\/span><\/td>\n<td><span style=\"font-size: 12pt; font-family: Arial;\">Seminario-<\/span><\/p>\n<p><span style=\"font-size: 12pt; font-family: Arial;\">Taller<\/span><\/td>\n<td bgcolor=\"#d99594\"><\/td>\n<td bgcolor=\"#d99594\"><\/td>\n<td><span style=\"font-size: 12pt; font-family: Arial;\">96<\/span><\/td>\n<\/tr>\n<tr valign=\"top\">\n<td rowspan=\"5\" bgcolor=\"#c2d69b\" height=\"22\"><span style=\"font-size: 12pt; font-family: Arial;\"><strong>Formaci\u00f3n Espec\u00edfica<\/strong><\/span><\/p>\n<p><span style=\"font-size: 12pt; font-family: Arial;\"><strong>(544 HC)<\/strong><\/span><\/td>\n<td>\n<span style=\"font-size: 12pt; font-family: Arial;\">Problem\u00e1tica de la Educaci\u00f3n\u00a0 Inicial<\/span><\/td>\n<td>\n<span style=\"font-size: 12pt; font-family: Arial;\">Seminario \/ Taller<\/span><\/td>\n<td bgcolor=\"#76923c\"><\/td>\n<td bgcolor=\"#76923c\"><\/td>\n<td>\n<span style=\"font-size: 12pt; font-family: Arial;\">128<\/span><\/td>\n<\/tr>\n<tr valign=\"top\">\n<td height=\"19\">\n<span style=\"font-size: 12pt; font-family: Arial;\">Psicolog\u00eda del Desarrollo: Sujeto del Nivel Inicial I\u00a0 <\/span><\/td>\n<td>\n<span style=\"font-size: 12pt; font-family: Arial;\">Materia<\/span><\/td>\n<td bgcolor=\"#76923c\"><\/td>\n<td bgcolor=\"#76923c\"><\/td>\n<td>\n<span style=\"font-size: 12pt; font-family: Arial;\">128<\/span><\/td>\n<\/tr>\n<tr valign=\"top\">\n<td height=\"33\"><span style=\"font-size: 12pt; font-family: Arial;\">Taller de Juego y actividad l\u00fadica<\/span><\/td>\n<td><span style=\"font-size: 12pt; font-family: Arial;\">Taller<\/span><\/td>\n<td bgcolor=\"#76923c\"><\/td>\n<td><\/td>\n<td><span style=\"font-size: 12pt; font-family: Arial;\">96<\/span><\/td>\n<\/tr>\n<tr valign=\"top\">\n<td height=\"23\">\n<span style=\"font-size: 12pt; font-family: Arial;\">Expresi\u00f3n est\u00e9tica: Expresi\u00f3n Corporal <\/span><\/td>\n<td>\n<span style=\"font-size: 12pt; font-family: Arial;\">Taller<\/span><\/td>\n<td><\/td>\n<td bgcolor=\"#76923c\"><\/td>\n<td>\n<span style=\"font-size: 12pt; font-family: Arial;\">96<\/span><\/td>\n<\/tr>\n<tr valign=\"top\">\n<td height=\"23\"><span style=\"font-size: 12pt; font-family: Arial;\">Educaci\u00f3n tecnol\u00f3gica para el\u00a0 Nivel Inicial<\/span><\/td>\n<td><span style=\"font-size: 12pt; font-family: Arial;\">Materia<\/span><\/td>\n<td bgcolor=\"#76923c\"><\/td>\n<td bgcolor=\"#76923c\"><\/td>\n<td><span style=\"font-size: 12pt; font-family: Arial;\">96<\/span><\/td>\n<\/tr>\n<tr valign=\"top\">\n<td colspan=\"6\" height=\"23\"><\/td>\n<\/tr>\n<\/tbody>\n<\/table>\n<p><span style=\"font-size: 12pt;\">\u00a0<\/span><\/p>\n<table style=\"width: 100%;\" border=\"2\" cellspacing=\"0\">\n<tbody>\n<tr valign=\"top\">\n<td colspan=\"7\" height=\"27\"><span style=\"font-size: 12pt; font-family: Arial;\"><strong>SEGUNDO A\u00d1O (1088 HC)<\/strong><\/span><\/td>\n<\/tr>\n<tr valign=\"top\">\n<td rowspan=\"2\" height=\"15\"><span style=\"font-size: 12pt; font-family: Arial;\"><strong>CAMPO<\/strong><\/span><\/td>\n<td colspan=\"2\" rowspan=\"2\"><span style=\"font-size: 12pt; font-family: Arial;\"><strong>UNIDADES CURRICULARES<\/strong><\/span><\/td>\n<td rowspan=\"2\"><span style=\"font-size: 12pt; font-family: Arial;\"><strong>Tipo de unidad <\/strong><\/span><\/td>\n<td colspan=\"2\"><span style=\"font-size: 12pt; font-family: Arial;\"><strong>R\u00e9gimen<\/strong><\/span><\/td>\n<td rowspan=\"2\"><span style=\"font-size: 12pt; font-family: Arial;\"><strong>Horas<\/strong><\/span><\/td>\n<\/tr>\n<tr valign=\"top\">\n<td height=\"11\"><span style=\"font-size: 12pt; font-family: Arial;\"><strong>1\u00b0 Cuatr<\/strong><\/span><\/td>\n<td><span style=\"font-size: 12pt; font-family: Arial;\"><strong>2\u00b0 Cuatr<\/strong><\/span><\/td>\n<\/tr>\n<tr valign=\"top\">\n<td rowspan=\"4\" bgcolor=\"#8db3e2\" height=\"27\"><span style=\"font-size: 12pt; font-family: Arial;\"><strong>Formaci\u00f3n General<\/strong><\/span><\/p>\n<p><span style=\"font-size: 12pt; font-family: Arial;\"><strong>(256 HC)<\/strong><\/span><\/td>\n<td colspan=\"2\"><span style=\"font-size: 12pt; font-family: Arial;\">Historia Argentina y Latinoamericana<\/span><\/td>\n<td><span style=\"font-size: 12pt; font-family: Arial;\">Materia<\/span><\/td>\n<td bgcolor=\"#548dd4\"><\/td>\n<td><\/td>\n<td><span style=\"font-size: 12pt; font-family: Arial;\">64<\/span><\/td>\n<td rowspan=\"15\"><\/td>\n<\/tr>\n<tr valign=\"top\">\n<td colspan=\"2\" height=\"27\"><span style=\"font-size: 12pt; font-family: Arial;\">Historia de la Educaci\u00f3n y pol\u00edtica Educacional Argentina<\/span><\/td>\n<td><span style=\"font-size: 12pt; font-family: Arial;\">Materia<\/span><\/td>\n<td><\/td>\n<td bgcolor=\"#c4bc96\"><\/td>\n<td><span style=\"font-size: 12pt; font-family: Arial;\">64<\/span><\/td>\n<\/tr>\n<tr valign=\"top\">\n<td colspan=\"2\" height=\"27\"><span style=\"font-size: 12pt; font-family: Arial;\">Sociolog\u00eda de la Educaci\u00f3n<\/span><\/td>\n<td><span style=\"font-size: 12pt; font-family: Arial;\">Materia<\/span><\/td>\n<td bgcolor=\"#548dd4\"><\/td>\n<td><\/td>\n<td><span style=\"font-size: 12pt; font-family: Arial;\">64<\/span><\/td>\n<\/tr>\n<tr valign=\"top\">\n<td colspan=\"2\" height=\"27\"><span style=\"font-size: 12pt; font-family: Arial;\">Tecnolog\u00edas de la Informaci\u00f3n y de la Comunicaci\u00f3n en el Nivel Inicial<\/span><\/td>\n<td><span style=\"font-size: 12pt; font-family: Arial;\">Seminario-Taller<\/span><\/td>\n<td><\/td>\n<td bgcolor=\"#548dd4\"><\/td>\n<td><span style=\"font-size: 12pt; font-family: Arial;\">64<\/span><\/td>\n<\/tr>\n<tr valign=\"top\">\n<td bgcolor=\"#e5b8b7\" height=\"65\"><span style=\"font-size: 12pt; font-family: Arial;\"><strong>Formaci\u00f3n en la Pr\u00e1ctica Profesional<\/strong><\/span><\/p>\n<p><span style=\"font-size: 12pt; font-family: Arial;\"><strong>(96 HC)<\/strong><\/span><\/td>\n<td><\/td>\n<td><span style=\"font-size: 12pt; font-family: Arial;\">Pr\u00e1ctica II<\/span><\/p>\n<p><span style=\"font-size: 12pt; font-family: Arial;\">Curriculum,\u00a0 sujetos y contextos: aproximaciones desde la investigaci\u00f3n educativa<\/span><\/td>\n<td>\n<span style=\"font-size: 12pt; font-family: Arial;\">Seminario-<\/span><\/p>\n<p><span style=\"font-size: 12pt; font-family: Arial;\">Taller<\/span><\/td>\n<td bgcolor=\"#d99594\"><\/td>\n<td bgcolor=\"#d99594\"><\/td>\n<td>\n<p><span style=\"font-size: 12pt; font-family: Arial;\">96<\/span><\/td>\n<\/tr>\n<tr valign=\"top\">\n<td rowspan=\"8\" bgcolor=\"#c2d69b\" height=\"22\"><span style=\"font-size: 12pt; font-family: Arial;\"><strong>Formaci\u00f3n Espec\u00edfica<\/strong><\/span><\/p>\n<p><span style=\"font-size: 12pt; font-family: Arial;\"><strong>( 608 HC)<\/strong><\/span><\/td>\n<td colspan=\"2\"><span style=\"font-size: 12pt; font-family: Arial;\">Psicolog\u00eda del Desarrollo: Sujeto del Nivel Inicial II<\/span><\/td>\n<td><span style=\"font-size: 12pt; font-family: Arial;\">Materia<\/span><\/td>\n<td bgcolor=\"#76923c\"><\/td>\n<td><\/td>\n<td><span style=\"font-size: 12pt; font-family: Arial;\">96<\/span><\/td>\n<\/tr>\n<tr valign=\"top\">\n<td colspan=\"2\" height=\"19\"><span style=\"font-size: 12pt; font-family: Arial;\">Did\u00e1ctica del Nivel Inicial<\/span><\/td>\n<td><span style=\"font-size: 12pt; font-family: Arial;\">Materia<\/span><\/td>\n<td bgcolor=\"#76923c\"><\/td>\n<td><\/td>\n<td><span style=\"font-size: 12pt; font-family: Arial;\">96<\/span><\/td>\n<\/tr>\n<tr valign=\"top\">\n<td colspan=\"2\" height=\"20\"><span style=\"font-size: 12pt; font-family: Arial;\">Atenci\u00f3n y Educaci\u00f3n Temprana<\/span><\/td>\n<td><span style=\"font-size: 12pt; font-family: Arial;\">Seminario &#8211; Taller<\/span><\/td>\n<td><\/td>\n<td bgcolor=\"#76923c\"><\/td>\n<td><span style=\"font-size: 12pt; font-family: Arial;\">96<\/span><\/td>\n<\/tr>\n<tr valign=\"top\">\n<td colspan=\"2\" height=\"20\">\n<span style=\"font-size: 12pt; font-family: Arial;\">Did\u00e1ctica de la Matem\u00e1tica I<\/span><\/td>\n<td><span style=\"font-size: 12pt; font-family: Arial;\">Materia<\/span><\/td>\n<td><\/td>\n<td bgcolor=\"#76923c\"><\/td>\n<td><span style=\"font-size: 12pt; font-family: Arial;\">64<\/span><\/td>\n<\/tr>\n<tr valign=\"top\">\n<td colspan=\"2\" height=\"17\"><span style=\"font-size: 12pt; font-family: Arial;\">Cuerpo, Sujeto y Movimiento <\/span><\/td>\n<td><span style=\"font-size: 12pt; font-family: Arial;\">Taller<\/span><\/td>\n<td bgcolor=\"#76923c\"><\/td>\n<td><\/td>\n<td><span style=\"font-size: 12pt; font-family: Arial;\">64<\/span><\/td>\n<\/tr>\n<tr valign=\"top\">\n<td colspan=\"2\" height=\"37\"><span style=\"font-size: 12pt; font-family: Arial;\">Did\u00e1ctica de la Lengua y Literatura\u00a0 I<\/span><\/td>\n<td><span style=\"font-size: 12pt; font-family: Arial;\">Materia<\/span><\/td>\n<td><\/td>\n<td bgcolor=\"#76923c\"><\/td>\n<td><span style=\"font-size: 12pt; font-family: Arial;\">64<\/span><\/td>\n<\/tr>\n<tr valign=\"top\">\n<td colspan=\"2\" height=\"10\"><span style=\"font-size: 12pt; font-family: Arial;\">Expresi\u00f3n Est\u00e9tica Pl\u00e1stico visual<\/span><\/td>\n<td><span style=\"font-size: 12pt; font-family: Arial;\">Taller<\/span><\/td>\n<td bgcolor=\"#76923c\"><\/td>\n<td><\/td>\n<td><span style=\"font-size: 12pt; font-family: Arial;\">64<\/span><\/td>\n<\/tr>\n<tr valign=\"top\">\n<td colspan=\"2\" height=\"19\"><span style=\"font-size: 12pt; font-family: Arial;\">Expresi\u00f3n Est\u00e9tica Musical<\/span><\/td>\n<td><span style=\"font-size: 12pt; font-family: Arial;\">Taller<\/span><\/td>\n<td><\/td>\n<td bgcolor=\"#76923c\"><\/td>\n<td><span style=\"font-size: 12pt; font-family: Arial;\">64<\/span><\/td>\n<\/tr>\n<tr valign=\"top\">\n<td rowspan=\"2\" bgcolor=\"#b2a1c7\" height=\"31\"><span style=\"font-size: 12pt; font-family: Arial;\"><strong>Definici\u00f3n Institucional<\/strong><\/span><\/p>\n<p><span style=\"font-size: 12pt; font-family: Arial;\"><strong>(128\u00a0 HC)<\/strong><\/span><\/td>\n<td colspan=\"2\">\n<span style=\"font-size: 12pt; font-family: Arial;\">1 espacio cuatrimestral<\/span><\/td>\n<td><\/td>\n<td bgcolor=\"#5f497a\"><\/td>\n<td><\/td>\n<td>\n<span style=\"font-size: 12pt; font-family: Arial;\">\u00a0\u00a0\u00a0\u00a0\u00a0\u00a0 64<\/span><\/td>\n<\/tr>\n<tr valign=\"top\">\n<td colspan=\"2\" height=\"25\"><span style=\"font-size: 12pt; font-family: Arial;\">1 espacio cuatrimestral<\/span><\/td>\n<td><\/td>\n<td><\/td>\n<td bgcolor=\"#5f497a\"><\/td>\n<td><span style=\"font-size: 12pt; font-family: Arial;\">\u00a0\u00a0\u00a0\u00a0\u00a0\u00a0 64<\/span><\/td>\n<\/tr>\n<\/tbody>\n<\/table>\n","protected":false},"excerpt":{"rendered":"<p>\u00a0https:\/\/iesmc-tuc.infd.edu.ar\/sitio\/wp-content\/uploads\/2024\/04\/Res._1433-_Profesorado_de_Educacion_Inicial.pdf \u00a0 ESTRUCTURA CURRICULAR DEL PROFESORADO DE EDUCACI\u00d3N INICIAL \u00a0 PRIMER A\u00d1O (1024 HC) CAMPO UNIDADES CURRICULARES Tipo de unidad R\u00e9gimen Horas 1\u00b0 Cuatrim 2\u00b0 Cuatrim Formaci\u00f3n General (416 HC) Pedagog\u00eda Materia 96 Psicolog\u00eda Educacional Materia 96 Did\u00e1ctica General Materia 128 Alfabetizaci\u00f3n\u00a0 Acad\u00e9mica Seminario Taller 96 Formaci\u00f3n en la Pr\u00e1ctica Profesional (96 HC) Pr\u00e1ctica I: &#8230; <a title=\"PROFESORADO EN EDUCACION INICIAL\" class=\"read-more\" href=\"https:\/\/iesmc-tuc.infd.edu.ar\/sitio\/profesorado-en-educacion-inicial-2\/\" aria-label=\"More on PROFESORADO EN EDUCACION INICIAL\">[+]<\/a><\/p>\n","protected":false},"author":25,"featured_media":0,"parent":0,"menu_order":0,"comment_status":"closed","ping_status":"closed","template":"","meta":[],"acf":[],"_links":{"self":[{"href":"https:\/\/iesmc-tuc.infd.edu.ar\/sitio\/wp-json\/wp\/v2\/pages\/840"}],"collection":[{"href":"https:\/\/iesmc-tuc.infd.edu.ar\/sitio\/wp-json\/wp\/v2\/pages"}],"about":[{"href":"https:\/\/iesmc-tuc.infd.edu.ar\/sitio\/wp-json\/wp\/v2\/types\/page"}],"author":[{"embeddable":true,"href":"https:\/\/iesmc-tuc.infd.edu.ar\/sitio\/wp-json\/wp\/v2\/users\/25"}],"replies":[{"embeddable":true,"href":"https:\/\/iesmc-tuc.infd.edu.ar\/sitio\/wp-json\/wp\/v2\/comments?post=840"}],"version-history":[{"count":1,"href":"https:\/\/iesmc-tuc.infd.edu.ar\/sitio\/wp-json\/wp\/v2\/pages\/840\/revisions"}],"predecessor-version":[{"id":4006,"href":"https:\/\/iesmc-tuc.infd.edu.ar\/sitio\/wp-json\/wp\/v2\/pages\/840\/revisions\/4006"}],"wp:attachment":[{"href":"https:\/\/iesmc-tuc.infd.edu.ar\/sitio\/wp-json\/wp\/v2\/media?parent=840"}],"curies":[{"name":"wp","href":"https:\/\/api.w.org\/{rel}","templated":true}]}}