{"id":3453,"date":"2021-04-05T16:33:06","date_gmt":"2021-04-05T19:33:06","guid":{"rendered":"https:\/\/iesmc-tuc.infd.edu.ar\/sitio\/?page_id=3453"},"modified":"2026-04-01T17:08:48","modified_gmt":"2026-04-01T20:08:48","slug":"inscripcion-a-cursado-2021","status":"publish","type":"page","link":"https:\/\/iesmc-tuc.infd.edu.ar\/sitio\/inscripcion-a-cursado-2021\/","title":{"rendered":"INSCRIPCION A CURSADO 2026"},"content":{"rendered":"<h5><span style=\"color: #ff6600;\">## <\/span>MAS ABAJO SE ENCUENTRAN HABILITADOS LOS LINK PARA CARGA DE INFORMACI\u00d3N PARA EL CURSADO DE LAS\/OS ESTUDIANTES INGRESANTES A 1er. A\u00d1O Y RECURSANTES DE MATERIAS DE 1er A\u00d1O QUE TENGAN ASIGNADO Nro DE LIBRETA.<span style=\"color: #ff6600;\">##<\/span><\/h5>\n<h5>REQUISITO PREVIO A LA INSCRIPCI\u00d3N A CURSADO DE ASIGNATURAS PARA EL CICLO LECTIVO 2026 LLENAR FORMULARIO EN LOS SIGUIENTES LINKS<\/h5>\n<h5><strong>Estimados estudiantes los siguientes links les abrir\u00e1 el formulario para carga de informaci\u00f3n de cursado por carrera y por nivel. Deber\u00e1 completar con los datos solicitados y luego tildar en cada materia que acad\u00e9micamente est\u00e9 en condiciones de cursar. Adem\u00e1s deber\u00e1 indicar la cantidad de asignaturas Aprobadas y Regulares durante el periodo comprendido entre Abril\/2025 y Marzo\/2026 (asignatura aprobada no cuenta como regular)<\/strong><\/h5>\n<p><strong><span style=\"color: #ff0000;\">IMPORTANTE: LOS ASPIRANTES A INGRESO 2026\u00a0 DEBEN LLENAR FORMULARIO POR LA PAGINA (HABILITADO)<\/span><\/strong><\/p>\n<p>LOS QUE NECESITAN REINCRIBIRSE A A MATERIAS DE 1er A\u00d1O AUN NO SE HABILIATARA EL LINK. (HABILITADO)<\/p>\n<h4>DIAS DE INSCRIPCI\u00d3N PRESENCIAL<\/h4>\n<ul>\n<li>MIERCOLES 11\/03\/2026 <span style=\"color: #ff0000;\">(se reprograma para el Mi\u00e9rcoles 18\/03\/2026)<\/span>: 3er. Y 4to. A\u00d1O PARA TODAS LAS CARRERAS<\/li>\n<li>JUEVES 12\/03\/2026 <span style=\"color: #ff0000;\">(se reprograma para el Jueves 19\/03\/2026)<\/span>: 2do. A\u00d1O PARA TODAS LAS CARRERAS #<\/li>\n<li>RECURSANTES A MATERIAS DE 1er. A\u00d1O PRONTO SE LES INFORMARA SU PROCESO DE INSCRIPCI\u00d3N\u00a0<span style=\"color: #ff6600;\">(HABILITADO)<\/span><\/li>\n<\/ul>\n<h5># LA INSCRIPCION DEBERA SER REALIZADA EN EL SECTOR POSTERIOR DE LA INSTITUCI\u00d3N HACIA AV. ROCA#<\/h5>\n<h4>ORDEN DE PASOS A SEGUIR<\/h4>\n<ol>\n<li>LLENAR EL FORMULARIO (OBLIGATORIO)<\/li>\n<li>PRESENTARSE LOS DIAS FIJADOS PARA SU INSCRIPCI\u00d3N (OBLIGATORIO)<\/li>\n<\/ol>\n<h3>\u00a0<\/h3>\n<h3><strong><span style=\"color: #ff6600;\">INSCRIPCION CURSADO CARRERA P.E.P. 2026<\/span><\/strong><\/h3>\n<p>INSCRIPCION MATERIAS 1\u00b0 A\u00d1O PEP <strong>(INGRESANTES 2026):<\/strong>\u00a0<a href=\"https:\/\/forms.gle\/K6vcA1KxEKWjTzH96\" target=\"_blank\" rel=\"noopener\">https:\/\/forms.gle\/K6vcA1KxEKWjTzH96<\/a><\/p>\n<p>INSCRIPCION MATERIAS 1\u00b0 A\u00d1O PEP <strong>(RECURSANTES):<\/strong>\u00a0<a href=\"https:\/\/forms.gle\/E8gf8AwfKaSNER5z9\" target=\"_blank\" rel=\"noopener\">https:\/\/forms.gle\/E8gf8AwfKaSNER5z9<\/a> \u00a0<\/p>\n<p>INSCRIPCION MATERIAS 2\u00b0 A\u00d1O PEP:\u00a0<a href=\"https:\/\/forms.gle\/iR6app7M5xfASHCH8\" target=\"_blank\" rel=\"noopener\">https:\/\/forms.gle\/iR6app7M5xfASHCH8<\/a> \u00a0\u00a0<\/p>\n<p>INSCRIPCION MATERIAS 3\u00b0 A\u00d1O PEP:\u00a0<a href=\"https:\/\/forms.gle\/dYjP5qnrEp5tss6T9\" target=\"_blank\" rel=\"noopener\">https:\/\/forms.gle\/dYjP5qnrEp5tss6T9<\/a> \u00a0\u00a0<\/p>\n<p>INSCRIPCION MATERIAS 4\u00b0 A\u00d1O PEP:\u00a0 <a href=\"https:\/\/forms.gle\/4bqzD9TRX2xgNh938\" target=\"_blank\" rel=\"noopener\">https:\/\/forms.gle\/4bqzD9TRX2xgNh938<\/a>\u00a0\u00a0<\/p>\n<p>\u00a0<\/p>\n<h3><strong><span style=\"color: #339966;\">INSCRIPCION CURSADO CARRERA P.E.I. 2026<\/span><\/strong><\/h3>\n<p>INSCRIPCION MATERIAS 1\u00b0 A\u00d1O PEI\u00a0<strong>(INGRESANTES 2026):\u00a0 <a href=\"https:\/\/forms.gle\/egQjutup5FEbpHy76\" target=\"_blank\" rel=\"noopener\">https:\/\/forms.gle\/egQjutup5FEbpHy76<\/a>\u00a0 \u00a0<\/strong><\/p>\n<p>INSCRIPCION MATERIAS 1\u00b0 A\u00d1O PEI\u00a0<strong>(RECURSANTES):\u00a0<a href=\"https:\/\/forms.gle\/Ppmh1hucbgAKzAxZ8\" target=\"_blank\" rel=\"noopener\">https:\/\/forms.gle\/Ppmh1hucbgAKzAxZ8<\/a> \u00a0\u00a0<\/strong> \u00a0\u00a0<\/p>\n<p>INSCRIPCION MATERIAS 2\u00b0 A\u00d1O PEI:\u00a0 <a href=\"https:\/\/forms.gle\/3zn17QR1nZC44PsR9\" target=\"_blank\" rel=\"noopener\">https:\/\/forms.gle\/3zn17QR1nZC44PsR9<\/a>\u00a0\u00a0<\/p>\n<p>INSCRIPCION MATERIAS 3\u00b0 A\u00d1O PEI:\u00a0<a href=\"https:\/\/forms.gle\/5v2XzkiM3bGkmtrP7\" target=\"_blank\" rel=\"noopener\">https:\/\/forms.gle\/5v2XzkiM3bGkmtrP7<\/a> \u00a0\u00a0<\/p>\n<p>INSCRIPCION MATERIAS 4\u00b0 A\u00d1O PEI:\u00a0<a href=\"https:\/\/forms.gle\/ihZEouDVcEsFRFec7\" target=\"_blank\" rel=\"noopener\">https:\/\/forms.gle\/ihZEouDVcEsFRFec7<\/a> \u00a0\u00a0<\/p>\n<h3>\u00a0<\/h3>\n<h3><strong><span style=\"color: #993366;\">INSCRIPCION CURSADO CARRERA P.E.E. NEUROMOTOR 2026<\/span><\/strong><\/h3>\n<p>INSCRIPCION MATERIAS 1\u00b0 A\u00d1O PEE Neuro\u00a0<strong>(INGRESANTES 2026):\u00a0<a href=\"https:\/\/forms.gle\/z2tkAuFqGgQJweRb6\" target=\"_blank\" rel=\"noopener\">https:\/\/forms.gle\/z2tkAuFqGgQJweRb6<\/a> \u00a0 \u00a0<\/strong><\/p>\n<p>INSCRIPCION MATERIAS 1\u00b0 A\u00d1O PEE Neuro\u00a0<strong>(RECURSANTES):\u00a0 <a href=\"https:\/\/forms.gle\/D6A71wUAEBQARD8U7\" target=\"_blank\" rel=\"noopener\">https:\/\/forms.gle\/D6A71wUAEBQARD8U7<\/a>\u00a0 \u00a0<\/strong> \u00a0\u00a0<\/p>\n<p>INSCRIPCION MATERIAS 2\u00b0 A\u00d1O PEE Neuro:\u00a0<a href=\"https:\/\/forms.gle\/1gAD4DgbpcY8p1dt5\" target=\"_blank\" rel=\"noopener\">https:\/\/forms.gle\/1gAD4DgbpcY8p1dt5<\/a> \u00a0\u00a0<\/p>\n<p>INSCRIPCION MATERIAS 3\u00b0 A\u00d1O PEE Neuro:\u00a0<a href=\"https:\/\/forms.gle\/zcHcvg7fhCCcwxHd8\" target=\"_blank\" rel=\"noopener\">https:\/\/forms.gle\/zcHcvg7fhCCcwxHd8<\/a> \u00a0<\/p>\n<p>INSCRIPCION MATERIAS 4\u00b0 A\u00d1O PEE Neuro:\u00a0<a href=\"https:\/\/forms.gle\/Bbae1vwjzmrWy2pp8\" target=\"_blank\" rel=\"noopener\">https:\/\/forms.gle\/Bbae1vwjzmrWy2pp8<\/a> \u00a0<\/p>\n\n\n<p><\/p>\n","protected":false},"excerpt":{"rendered":"<p>## MAS ABAJO SE ENCUENTRAN HABILITADOS LOS LINK PARA CARGA DE INFORMACI\u00d3N PARA EL CURSADO DE LAS\/OS ESTUDIANTES INGRESANTES A 1er. A\u00d1O Y RECURSANTES DE MATERIAS DE 1er A\u00d1O QUE TENGAN ASIGNADO Nro DE LIBRETA.## REQUISITO PREVIO A LA INSCRIPCI\u00d3N A CURSADO DE ASIGNATURAS PARA EL CICLO LECTIVO 2026 LLENAR FORMULARIO EN LOS SIGUIENTES LINKS &#8230; <a title=\"INSCRIPCION A CURSADO 2026\" class=\"read-more\" href=\"https:\/\/iesmc-tuc.infd.edu.ar\/sitio\/inscripcion-a-cursado-2021\/\" aria-label=\"More on INSCRIPCION A CURSADO 2026\">[+]<\/a><\/p>\n","protected":false},"author":25,"featured_media":0,"parent":0,"menu_order":0,"comment_status":"closed","ping_status":"closed","template":"","meta":[],"acf":[],"_links":{"self":[{"href":"https:\/\/iesmc-tuc.infd.edu.ar\/sitio\/wp-json\/wp\/v2\/pages\/3453"}],"collection":[{"href":"https:\/\/iesmc-tuc.infd.edu.ar\/sitio\/wp-json\/wp\/v2\/pages"}],"about":[{"href":"https:\/\/iesmc-tuc.infd.edu.ar\/sitio\/wp-json\/wp\/v2\/types\/page"}],"author":[{"embeddable":true,"href":"https:\/\/iesmc-tuc.infd.edu.ar\/sitio\/wp-json\/wp\/v2\/users\/25"}],"replies":[{"embeddable":true,"href":"https:\/\/iesmc-tuc.infd.edu.ar\/sitio\/wp-json\/wp\/v2\/comments?post=3453"}],"version-history":[{"count":68,"href":"https:\/\/iesmc-tuc.infd.edu.ar\/sitio\/wp-json\/wp\/v2\/pages\/3453\/revisions"}],"predecessor-version":[{"id":4266,"href":"https:\/\/iesmc-tuc.infd.edu.ar\/sitio\/wp-json\/wp\/v2\/pages\/3453\/revisions\/4266"}],"wp:attachment":[{"href":"https:\/\/iesmc-tuc.infd.edu.ar\/sitio\/wp-json\/wp\/v2\/media?parent=3453"}],"curies":[{"name":"wp","href":"https:\/\/api.w.org\/{rel}","templated":true}]}}