{"id":286,"date":"2016-10-31T13:17:59","date_gmt":"2016-10-31T16:17:59","guid":{"rendered":"https:\/\/iesmc-tuc.infd.edu.ar\/sitio\/?page_id=286"},"modified":"2026-03-25T21:51:36","modified_gmt":"2026-03-26T00:51:36","slug":"inicio","status":"publish","type":"page","link":"https:\/\/iesmc-tuc.infd.edu.ar\/sitio\/","title":{"rendered":"Inicio"},"content":{"rendered":"<p>&nbsp;<\/p>\n<h2 style=\"text-align: center;\">\u00a0<\/h2>\n<h3 style=\"text-align: center;\">\u00a0<\/h3>\n<p style=\"text-align: center;\"><strong><span style=\"font-size: medium; color: #3e748e; font-family: arial,helvetica,sans-serif;\">INSTITUTO DE ENSE\u00d1ANZA SUPERIOR<\/span><\/strong><\/p>\n<p style=\"text-align: center;\"><strong><span style=\"font-size: medium; color: #3e748e; font-family: arial,helvetica,sans-serif;\">\u00abDR. MIGUEL CAMPERO\u00bb<\/span><\/strong><\/p>\n<p style=\"text-align: center;\">\u00a0<\/p>\n<p style=\"text-align: center;\"><img decoding=\"async\" title=\"Toma fotografica desde la ochava para ser pegada en la portada de la pagina\" src=\"https:\/\/iesmc-tuc.infd.edu.ar\/sitio\/wp-content\/uploads\/2018\/08\/P5060028_.jpg\" alt=\"Toma fotografica desde la ochava para ser pegada en la portada de la pagina\" border=\"0\" \/><\/p>\n<table id=\"table1\" style=\"text-align: center; height: 284px; width: 100%;\" border=\"1\" cellspacing=\"0\" cellpadding=\"10\">\n<tbody>\n<tr align=\"center\" valign=\"middle\">\n<td style=\"border: 1px solid;\" scope=\"row\" align=\"center\">\n<p><span style=\"font-size: 10pt; color: #000000; font-family: Verdana;\">E<\/span><span style=\"font-size: 10pt; color: #000000; font-family: Verdana;\">ste Instituto Superior de Formaci\u00f3n Docente forma parte del sistema de educaci\u00f3n p\u00fablica de gesti\u00f3n estatal.<\/span><\/p>\n<p><span style=\"font-size: 10pt; color: #000000; font-family: Verdana;\">A trav\u00e9s de este sitio en Internet, nuestro Instituto podr\u00e1 comunicar novedades, acercar informaci\u00f3n, compartir experiencias y brindar apoyo y asesoramiento a alumnos, docentes e interesados en formar parte de esta comunidad educativa.<\/span><\/p>\n<p><span style=\"font-size: 10pt; color: #000000; font-family: Verdana;\">Junto con varios cientos de Institutos, integramos la <strong><em><span style=\"font-family: Verdana;\">Red Virtual de Institutos Superiores de Formaci\u00f3n Docente<\/span><\/em><\/strong> coordinada por el <strong><span style=\"font-family: Verdana;\">INFD<\/span><\/strong> (Instituto Nacional de Formaci\u00f3n Docente) dependiente del Ministerio de Educaci\u00f3n de la Naci\u00f3n Argentina.<\/span><\/td>\n<\/tr>\n<\/tbody>\n<\/table>\n<h3 style=\"text-align: center;\">\u00a0<\/h3>\n","protected":false},"excerpt":{"rendered":"<p>&nbsp; \u00a0 \u00a0 INSTITUTO DE ENSE\u00d1ANZA SUPERIOR \u00abDR. MIGUEL CAMPERO\u00bb \u00a0 Este Instituto Superior de Formaci\u00f3n Docente forma parte del sistema de educaci\u00f3n p\u00fablica de gesti\u00f3n estatal. A trav\u00e9s de este sitio en Internet, nuestro Instituto podr\u00e1 comunicar novedades, acercar informaci\u00f3n, compartir experiencias y brindar apoyo y asesoramiento a alumnos, docentes e interesados en formar &#8230; <a title=\"Inicio\" class=\"read-more\" href=\"https:\/\/iesmc-tuc.infd.edu.ar\/sitio\/\" aria-label=\"More on Inicio\">[+]<\/a><\/p>\n","protected":false},"author":1,"featured_media":0,"parent":0,"menu_order":0,"comment_status":"closed","ping_status":"closed","template":"","meta":[],"acf":[],"_links":{"self":[{"href":"https:\/\/iesmc-tuc.infd.edu.ar\/sitio\/wp-json\/wp\/v2\/pages\/286"}],"collection":[{"href":"https:\/\/iesmc-tuc.infd.edu.ar\/sitio\/wp-json\/wp\/v2\/pages"}],"about":[{"href":"https:\/\/iesmc-tuc.infd.edu.ar\/sitio\/wp-json\/wp\/v2\/types\/page"}],"author":[{"embeddable":true,"href":"https:\/\/iesmc-tuc.infd.edu.ar\/sitio\/wp-json\/wp\/v2\/users\/1"}],"replies":[{"embeddable":true,"href":"https:\/\/iesmc-tuc.infd.edu.ar\/sitio\/wp-json\/wp\/v2\/comments?post=286"}],"version-history":[{"count":96,"href":"https:\/\/iesmc-tuc.infd.edu.ar\/sitio\/wp-json\/wp\/v2\/pages\/286\/revisions"}],"predecessor-version":[{"id":4251,"href":"https:\/\/iesmc-tuc.infd.edu.ar\/sitio\/wp-json\/wp\/v2\/pages\/286\/revisions\/4251"}],"wp:attachment":[{"href":"https:\/\/iesmc-tuc.infd.edu.ar\/sitio\/wp-json\/wp\/v2\/media?parent=286"}],"curies":[{"name":"wp","href":"https:\/\/api.w.org\/{rel}","templated":true}]}}